{"id":3088,"date":"2016-10-17T13:54:37","date_gmt":"2016-10-17T13:54:37","guid":{"rendered":"http:\/\/www.assega.com\/es\/?page_id=3088"},"modified":"2016-11-30T15:54:15","modified_gmt":"2016-11-30T15:54:15","slug":"quienes-somos","status":"publish","type":"page","link":"https:\/\/www.assega.com\/es\/quienes-somos\/","title":{"rendered":"Qui\u00e9n somos"},"content":{"rendered":"<div class=\"wpb-content-wrapper\"><p>[vc_row heading_style=\u00bb3&#8243; remove_gap=\u00bbremove-gap\u00bb container=\u00bb1&#8243; col_title=\u00bbQui\u00e9n Somos\u00bb][vc_column]\n\n\n\n\n\n\n\n\n\n\n\n\t<div class=\"about-sec\">\n        <div class=\"row\">\n            <div class=\"col-md-6 slideinleft\">\n                <img loading=\"lazy\" decoding=\"async\" width=\"570\" height=\"350\" src=\"https:\/\/www.assega.com\/wp-content\/uploads\/2014\/09\/qui-som-assega.jpg\" class=\"attachment-570x350 size-570x350\" alt=\"\" srcset=\"https:\/\/www.assega.com\/wp-content\/uploads\/2014\/09\/qui-som-assega.jpg 570w, https:\/\/www.assega.com\/wp-content\/uploads\/2014\/09\/qui-som-assega-300x184.jpg 300w\" sizes=\"auto, (max-width: 570px) 100vw, 570px\" \/>            <\/div>\n            <div class=\"col-md-6 slideinright\">\n                <h3><strong>Assega, con m\u00e1s de 20 a\u00f1os de experiencia en el mercado andorrano<\/strong><\/h3>                <p>Presentamos el m\u00e1s amplio abanico del sector seguros y ofrecemos la oportunidad de satisfacer las necesidades espec\u00edficas de cada cliente. Entre nuestras ventajas cabe mencionar la alta flexibilidad de las p\u00f3lizas, capaces de proponer el mejor producto, optimizando tanto las garant\u00edas como su coste, y todo ello siempre contando con el apoyo de las compa\u00f1\u00edas l\u00edderes en protecci\u00f3n financiera.<\/p>\n<p><strong>Francesc Segarra<\/strong>, fundador y gerente de ASSEGA desde el a\u00f1o 1994, prioriza la profesionalidad, experiencia y confianza con los clientes: ``Somos conscientes de que la satisfacci\u00f3n de los clientes es nuestro principal activo, y por este motivo, nuestra tarea se basa en lograr la tranquilidad de nuestro cliente, poniendo a su servicio, un trato absolutamente personalizado. Mi cliente no es un n\u00famero m\u00e1s de dossier, mi cliente recibe un trato sencillamente humano, como de amistad. Eliminamos las gestiones pesadas que debe hacer el cliente en los diferentes departamentos de una compa\u00f1\u00eda. Con ASSEGA, el cliente tendr\u00e1 siempre el mismo interlocutor a su disposici\u00f3n para cualquier tr\u00e1mite. Se lo ponemos f\u00e1cil\u201d.<\/p>\n                <a href=\"https:\/\/www.assega.com\/es\/contacto\/\" title=\"Contacto\">Contacto<\/a>            <\/div>\n        <\/div>\n\t<\/div>\n    \n\n\n\n\n\n\n\n\t\n[\/vc_column][\/vc_row]<\/p>\n<\/div>","protected":false},"excerpt":{"rendered":"<p>[vc_row heading_style=\u00bb3&#8243; remove_gap=\u00bbremove-gap\u00bb container=\u00bb1&#8243; col_title=\u00bbQui\u00e9n Somos\u00bb][vc_column][\/vc_column][\/vc_row]<\/p>\n","protected":false},"author":5,"featured_media":0,"parent":0,"menu_order":0,"comment_status":"open","ping_status":"open","template":"","meta":{"footnotes":""},"class_list":["post-3088","page","type-page","status-publish","hentry"],"_links":{"self":[{"href":"https:\/\/www.assega.com\/es\/wp-json\/wp\/v2\/pages\/3088","targetHints":{"allow":["GET"]}}],"collection":[{"href":"https:\/\/www.assega.com\/es\/wp-json\/wp\/v2\/pages"}],"about":[{"href":"https:\/\/www.assega.com\/es\/wp-json\/wp\/v2\/types\/page"}],"author":[{"embeddable":true,"href":"https:\/\/www.assega.com\/es\/wp-json\/wp\/v2\/users\/5"}],"replies":[{"embeddable":true,"href":"https:\/\/www.assega.com\/es\/wp-json\/wp\/v2\/comments?post=3088"}],"version-history":[{"count":11,"href":"https:\/\/www.assega.com\/es\/wp-json\/wp\/v2\/pages\/3088\/revisions"}],"predecessor-version":[{"id":3682,"href":"https:\/\/www.assega.com\/es\/wp-json\/wp\/v2\/pages\/3088\/revisions\/3682"}],"wp:attachment":[{"href":"https:\/\/www.assega.com\/es\/wp-json\/wp\/v2\/media?parent=3088"}],"curies":[{"name":"wp","href":"https:\/\/api.w.org\/{rel}","templated":true}]}}