{"id":3092,"date":"2016-10-17T14:02:04","date_gmt":"2016-10-17T14:02:04","guid":{"rendered":"http:\/\/www.assega.com\/es\/?page_id=3092"},"modified":"2018-05-10T11:06:23","modified_gmt":"2018-05-10T11:06:23","slug":"seguros-andorra","status":"publish","type":"page","link":"https:\/\/www.assega.com\/es\/","title":{"rendered":"Inicio"},"content":{"rendered":"<div class=\"wpb-content-wrapper\"><p>[vc_row el_class=\u00bbremove-gap error-sec\u00bb][vc_column][layerslider_vc id=\u00bb4&#8243;][\/vc_column][\/vc_row][vc_row container=\u00bbtrue\u00bb][vc_column]\n\n\n\n\n\n\n\n\n\t<div class=\"heading1\"><h2><i>Qui\u00e9n<\/i> somos<\/h2><span><i><\/i><i><\/i><i><\/i><i><\/i><i><\/i><i><\/i><i><\/i><i><\/i><i><\/i><i><\/i><\/span><\/div>\t\t\n\t\t<div class=\"row\">\n        \t            \t                <div class=\"col-md-6\">\n                    <ul id=\"who-we-images\">\n                    \t                        \t<li><img loading=\"lazy\" decoding=\"async\" width=\"570\" height=\"350\" src=\"https:\/\/www.assega.com\/wp-content\/uploads\/2014\/09\/qui-som-assega.jpg\" class=\"attachment-570x350 size-570x350\" alt=\"\" srcset=\"https:\/\/www.assega.com\/wp-content\/uploads\/2014\/09\/qui-som-assega.jpg 570w, https:\/\/www.assega.com\/wp-content\/uploads\/2014\/09\/qui-som-assega-300x184.jpg 300w\" sizes=\"auto, (max-width: 570px) 100vw, 570px\" \/><\/li>\n                                            <\/ul>\n                <\/div>\n            \t\t\t<div class=\"col-md-6\">\n\t\t\t\t<div class=\"who-we-desc\">\n\t\t\t\t\t<h3>Assega, 25 a\u00f1os de experiencia en el mercado andorrano.<\/h3>\n\t\t\t\t\t\n\t\t\t\t\t<p>Presentamos el m\u00e1s amplio abanico del sector seguros y ofrecemos la oportunidad de satisfacer las necesidades espec\u00edficas de cada cliente. Entre nuestras ventajas cabe mencionar la alta flexibilidad de las p\u00f3lizas, capaces de proponer el mejor producto, optimizando tanto las garant\u00edas como su coste, y todo ello siempre contando con el apoyo de las compa\u00f1\u00edas l\u00edderes en protecci\u00f3n financiera.<\/p>\n<p><strong>Francesc Segarra<\/strong>, fundador y gerente de ASSEGA desde el a\u00f1o 1994, prioriza la profesionalidad, experiencia y confianza con los clientes: ``Somos conscientes de que la satisfacci\u00f3n de los clientes es nuestro principal activo, y por este motivo, nuestra tarea se basa en lograr la tranquilidad de nuestro cliente, poniendo a su servicio, un trato absolutamente personalizado...``<\/p>\n\t\t\t\t\t\n\t\t\t\t\t<a href=\"https:\/\/www.assega.com\/es\/quienes-somos\/\" title=\"+ info\">+ info<\/a>\t\t\t\t<\/div>\n\t\t\t<\/div>\n\t\t\t\n\t\t<\/div>\n<script type=\"text\/javascript\">\n\tjQuery(document).ready(function($) {\n\t\t$(\"#who-we-images\").owlCarousel({\n\t\t\t\tautoPlay :true,\n\t\t\t\tstopOnHover : true,\n\t\t\t\tgoToFirstSpeed : 2000,\n\t\t\t\tslideSpeed:4000,\n\t\t\t\tsingleItem : true,\n\t\t\t\tautoHeight : true,\n\t\t\t\ttransitionStyle:\"fadeUp\",\n\t\t\t\tnavigation:false\n\t\t\t\t});\t\n\t});\n<\/script>\n\n\n\n\n\n\n\n\n\n\n\t\n[\/vc_column][\/vc_row][vc_row gap=\u00bb10&#8243; full_height=\u00bbyes\u00bb columns_placement=\u00bbstretch\u00bb content_placement=\u00bbmiddle\u00bb parallax=\u00bbcontent-moving-fade\u00bb pattern_scheme=\u00bblight-pattern\u00bb css=\u00bb.vc_custom_1475851417973{margin-right: 0px !important;margin-left: 0px !important;padding-top: 10px !important;padding-right: 50px !important;padding-bottom: 0px !important;padding-left: 50px !important;background-color: #f15a29 !important;}\u00bb el_class=\u00bbrow\u00bb][vc_column width=\u00bb1\/6&#8243; el_class=\u00bbcol-md-12&#8243;][vc_column_text el_class=\u00bbconstruction-services i\u00bb css=\u00bb.vc_custom_1507807937303{margin-bottom: 0px !important;}\u00bb]<a href=\"https:\/\/www.assega.com\/es\/seguros\/vida\/\"><img decoding=\"async\" class=\"size-medium wp-image-2799 aligncenter\" src=\"https:\/\/www.assega.com\/wp-content\/uploads\/2014\/09\/assegur-vida.jpg\" alt=\"Seguros Andorra\" width=\"100%\" height=\"auto\" \/><br \/>\n<i class=\"text-color fa fa-heart\"><\/i><\/a>[\/vc_column_text][vc_column_text el_class=\u00bb.construction-services\u00bb css=\u00bb.vc_custom_1482861321385{margin-top: 0px !important;}\u00bb]<\/p>\n<h3 style=\"text-align: center;\"><a href=\"https:\/\/www.assega.com\/es\/seguros\/vida\/\"><span style=\"color: #ffffff;\">Vida<\/span><\/a><\/h3>\n<p>[\/vc_column_text][\/vc_column][vc_column width=\u00bb1\/6&#8243; el_class=\u00bbcol-md-12&#8243;][vc_column_text el_class=\u00bbconstruction-services i\u00bb css=\u00bb.vc_custom_1507807951964{margin-bottom: 0px !important;}\u00bb]<a href=\"https:\/\/www.assega.com\/es\/seguros\/salud\/\"><img decoding=\"async\" class=\"size-medium wp-image-2799 aligncenter\" src=\"https:\/\/www.assega.com\/wp-content\/uploads\/2014\/09\/assega-salut-300x142.jpg\" alt=\"assega-salut\" width=\"100%\" height=\"auto\" srcset=\"https:\/\/www.assega.com\/wp-content\/uploads\/2014\/09\/assega-salut-300x142.jpg 300w, https:\/\/www.assega.com\/wp-content\/uploads\/2014\/09\/assega-salut-768x365.jpg 768w, https:\/\/www.assega.com\/wp-content\/uploads\/2014\/09\/assega-salut-1024x486.jpg 1024w, https:\/\/www.assega.com\/wp-content\/uploads\/2014\/09\/assega-salut.jpg 1380w\" sizes=\"(max-width: 300px) 100vw, 300px\" \/><br \/>\n<i class=\"text-color fa fa-medkit\"><\/i><br \/>\n<\/a>[\/vc_column_text][vc_column_text el_class=\u00bb.construction-services\u00bb css=\u00bb.vc_custom_1482861339329{margin-top: 0px !important;}\u00bb]<\/p>\n<h3 style=\"text-align: center;\"><a href=\"https:\/\/www.assega.com\/es\/seguros\/salud\/\"><span style=\"color: #ffffff;\">Salud<\/span><\/a><\/h3>\n<p>[\/vc_column_text][\/vc_column][vc_column width=\u00bb1\/6&#8243; el_class=\u00bbcol-md-12&#8243;][vc_column_text el_class=\u00bbconstruction-services i\u00bb css=\u00bb.vc_custom_1507807966105{margin-bottom: 0px !important;}\u00bb]<a href=\"https:\/\/www.assega.com\/es\/seguros\/vehiculos\/\"><img decoding=\"async\" class=\"size-medium wp-image-2651 aligncenter\" src=\"https:\/\/www.assega.com\/wp-content\/uploads\/2016\/05\/cotxe-300x142.jpg\" alt=\"cotxe\" width=\"100%\" height=\"auto\" srcset=\"https:\/\/www.assega.com\/wp-content\/uploads\/2016\/05\/cotxe-300x142.jpg 300w, https:\/\/www.assega.com\/wp-content\/uploads\/2016\/05\/cotxe-768x365.jpg 768w, https:\/\/www.assega.com\/wp-content\/uploads\/2016\/05\/cotxe-1024x486.jpg 1024w, https:\/\/www.assega.com\/wp-content\/uploads\/2016\/05\/cotxe.jpg 1380w\" sizes=\"(max-width: 300px) 100vw, 300px\" \/><br \/>\n<i class=\"text-color fa fa-car\"><\/i><\/a>[\/vc_column_text][vc_column_text el_class=\u00bb.construction-services\u00bb css=\u00bb.vc_custom_1482861364424{margin-top: 0px !important;}\u00bb]<\/p>\n<h3 style=\"text-align: center;\"><span style=\"color: #ffffff;\"><a style=\"color: #ffffff;\" href=\"https:\/\/www.assega.com\/es\/seguros\/vehiculos\/\">Veh\u00edculos<\/a><\/span><\/h3>\n<p>[\/vc_column_text][\/vc_column][vc_column width=\u00bb1\/6&#8243; el_class=\u00bbcol-md-12&#8243;][vc_column_text el_class=\u00bbconstruction-services i\u00bb css=\u00bb.vc_custom_1507807984441{margin-bottom: 0px !important;}\u00bb]<a href=\"https:\/\/www.assega.com\/es\/seguros\/vivienda-i-comunidades\/\"><img decoding=\"async\" class=\"size-medium wp-image-2805 aligncenter\" src=\"https:\/\/www.assega.com\/wp-content\/uploads\/2014\/09\/assega-casa-300x142.jpg\" alt=\"assega-casa\" width=\"100%\" height=\"auto\" srcset=\"https:\/\/www.assega.com\/wp-content\/uploads\/2014\/09\/assega-casa-300x142.jpg 300w, https:\/\/www.assega.com\/wp-content\/uploads\/2014\/09\/assega-casa-768x365.jpg 768w, https:\/\/www.assega.com\/wp-content\/uploads\/2014\/09\/assega-casa-1024x486.jpg 1024w, https:\/\/www.assega.com\/wp-content\/uploads\/2014\/09\/assega-casa.jpg 1380w\" sizes=\"(max-width: 300px) 100vw, 300px\" \/><br \/>\n<i class=\"text-color fa fa-home\"><\/i><\/a>[\/vc_column_text][vc_column_text el_class=\u00bb.construction-services\u00bb css=\u00bb.vc_custom_1482861384795{margin-top: 0px !important;}\u00bb]<\/p>\n<h3 style=\"text-align: center;\"><a href=\"https:\/\/www.assega.com\/es\/seguros\/vivienda-i-comunidades\/\"><span style=\"color: #ffffff;\">Viviendas\u00a0y Comunidades<\/span><\/a><\/h3>\n<p>[\/vc_column_text][\/vc_column][vc_column width=\u00bb1\/6&#8243; el_class=\u00bbcol-md-12&#8243;][vc_column_text el_class=\u00bbconstruction-services i\u00bb css=\u00bb.vc_custom_1507808002805{margin-bottom: 0px !important;}\u00bb]<a href=\"https:\/\/www.assega.com\/es\/seguros\/comercio\/\"><img decoding=\"async\" class=\"size-medium wp-image-2800 aligncenter\" src=\"https:\/\/www.assega.com\/wp-content\/uploads\/2014\/09\/assega-comerc-300x142.jpg\" alt=\"assega-comerc\" width=\"100%\" height=\"auto\" srcset=\"https:\/\/www.assega.com\/wp-content\/uploads\/2014\/09\/assega-comerc-300x142.jpg 300w, https:\/\/www.assega.com\/wp-content\/uploads\/2014\/09\/assega-comerc-768x365.jpg 768w, https:\/\/www.assega.com\/wp-content\/uploads\/2014\/09\/assega-comerc-1024x486.jpg 1024w, https:\/\/www.assega.com\/wp-content\/uploads\/2014\/09\/assega-comerc.jpg 1380w\" sizes=\"(max-width: 300px) 100vw, 300px\" \/><br \/>\n<i class=\"text-color fa fa-cog\"><\/i><\/a>[\/vc_column_text][vc_column_text el_class=\u00bb.construction-services\u00bb css=\u00bb.vc_custom_1482861403094{margin-top: 0px !important;}\u00bb]<\/p>\n<h3 style=\"text-align: center;\"><a href=\"https:\/\/www.assega.com\/es\/seguros\/comercio\/\"><span style=\"color: #ffffff;\">Comercio<\/span><\/a><\/h3>\n<p>[\/vc_column_text][\/vc_column][vc_column width=\u00bb1\/6&#8243; el_class=\u00bbcol-md-12&#8243;][vc_column_text el_class=\u00bbconstruction-services i\u00bb css=\u00bb.vc_custom_1507808020033{margin-bottom: 0px !important;}\u00bb]<a href=\"https:\/\/www.assega.com\/es\/seguros\/empresas\/\"><img decoding=\"async\" class=\"alignnone size-medium wp-image-2648 aligncenter\" src=\"https:\/\/www.assega.com\/wp-content\/uploads\/2016\/05\/treball-300x143.jpg\" alt=\"treball\" width=\"100%\" height=\"auto\" srcset=\"https:\/\/www.assega.com\/wp-content\/uploads\/2016\/05\/treball-300x143.jpg 300w, https:\/\/www.assega.com\/wp-content\/uploads\/2016\/05\/treball-768x366.jpg 768w, https:\/\/www.assega.com\/wp-content\/uploads\/2016\/05\/treball-1024x488.jpg 1024w, https:\/\/www.assega.com\/wp-content\/uploads\/2016\/05\/treball.jpg 1380w\" sizes=\"(max-width: 300px) 100vw, 300px\" \/><br \/>\n<i class=\"text-color fa fa-user\"><\/i><\/a>[\/vc_column_text][vc_column_text el_class=\u00bb.construction-services\u00bb css=\u00bb.vc_custom_1482861420181{margin-top: 0px !important;}\u00bb]<\/p>\n<h3 style=\"text-align: center;\"><a href=\"https:\/\/www.assega.com\/es\/seguros\/empresa\/\"><span style=\"color: #ffffff;\">Empresas<\/span><\/a><\/h3>\n<p>[\/vc_column_text][\/vc_column][\/vc_row][vc_row heading_style=\u00bb7&#8243; container=\u00bb1&#8243; col_title=\u00bbNUESTRO BLOG\u00bb][vc_column][\/vc_column][\/vc_row]<\/p>\n<\/div>","protected":false},"excerpt":{"rendered":"<p>[vc_row el_class=\u00bbremove-gap error-sec\u00bb][vc_column][layerslider_vc id=\u00bb4&#8243;][\/vc_column][\/vc_row][vc_row container=\u00bbtrue\u00bb][vc_column][\/vc_column][\/vc_row][vc_row gap=\u00bb10&#8243; full_height=\u00bbyes\u00bb columns_placement=\u00bbstretch\u00bb content_placement=\u00bbmiddle\u00bb parallax=\u00bbcontent-moving-fade\u00bb pattern_scheme=\u00bblight-pattern\u00bb css=\u00bb.vc_custom_1475851417973{margin-right: 0px !important;margin-left: 0px !important;padding-top: 10px !important;padding-right: 50px !important;padding-bottom: 0px !important;padding-left: 50px !important;background-color: #f15a29 !important;}\u00bb el_class=\u00bbrow\u00bb][vc_column width=\u00bb1\/6&#8243; el_class=\u00bbcol-md-12&#8243;][vc_column_text el_class=\u00bbconstruction-services i\u00bb css=\u00bb.vc_custom_1507807937303{margin-bottom: 0px !important;}\u00bb] [\/vc_column_text][vc_column_text el_class=\u00bb.construction-services\u00bb css=\u00bb.vc_custom_1482861321385{margin-top: 0px !important;}\u00bb] Vida [\/vc_column_text][\/vc_column][vc_column width=\u00bb1\/6&#8243; el_class=\u00bbcol-md-12&#8243;][vc_column_text el_class=\u00bbconstruction-services i\u00bb css=\u00bb.vc_custom_1507807951964{margin-bottom: 0px !important;}\u00bb] [\/vc_column_text][vc_column_text el_class=\u00bb.construction-services\u00bb css=\u00bb.vc_custom_1482861339329{margin-top: 0px !important;}\u00bb] Salud [\/vc_column_text][\/vc_column][vc_column width=\u00bb1\/6&#8243; el_class=\u00bbcol-md-12&#8243;][vc_column_text el_class=\u00bbconstruction-services i\u00bb css=\u00bb.vc_custom_1507807966105{margin-bottom: 0px !important;}\u00bb] [\/vc_column_text][vc_column_text el_class=\u00bb.construction-services\u00bb css=\u00bb.vc_custom_1482861364424{margin-top: 0px !important;}\u00bb] Veh\u00edculos [\/vc_column_text][\/vc_column][vc_column width=\u00bb1\/6&#8243; el_class=\u00bbcol-md-12&#8243;][vc_column_text el_class=\u00bbconstruction-services i\u00bb css=\u00bb.vc_custom_1507807984441{margin-bottom: 0px !important;}\u00bb] [\/vc_column_text][vc_column_text el_class=\u00bb.construction-services\u00bb css=\u00bb.vc_custom_1482861384795{margin-top: 0px !important;}\u00bb] Viviendas\u00a0y Comunidades [\/vc_column_text][\/vc_column][vc_column width=\u00bb1\/6&#8243;<\/p>\n","protected":false},"author":5,"featured_media":0,"parent":0,"menu_order":0,"comment_status":"open","ping_status":"closed","template":"tpl-full-width.php","meta":{"footnotes":""},"class_list":["post-3092","page","type-page","status-publish","hentry"],"_links":{"self":[{"href":"https:\/\/www.assega.com\/es\/wp-json\/wp\/v2\/pages\/3092","targetHints":{"allow":["GET"]}}],"collection":[{"href":"https:\/\/www.assega.com\/es\/wp-json\/wp\/v2\/pages"}],"about":[{"href":"https:\/\/www.assega.com\/es\/wp-json\/wp\/v2\/types\/page"}],"author":[{"embeddable":true,"href":"https:\/\/www.assega.com\/es\/wp-json\/wp\/v2\/users\/5"}],"replies":[{"embeddable":true,"href":"https:\/\/www.assega.com\/es\/wp-json\/wp\/v2\/comments?post=3092"}],"version-history":[{"count":22,"href":"https:\/\/www.assega.com\/es\/wp-json\/wp\/v2\/pages\/3092\/revisions"}],"predecessor-version":[{"id":3998,"href":"https:\/\/www.assega.com\/es\/wp-json\/wp\/v2\/pages\/3092\/revisions\/3998"}],"wp:attachment":[{"href":"https:\/\/www.assega.com\/es\/wp-json\/wp\/v2\/media?parent=3092"}],"curies":[{"name":"wp","href":"https:\/\/api.w.org\/{rel}","templated":true}]}}