{"id":3115,"date":"2016-10-17T15:32:10","date_gmt":"2016-10-17T15:32:10","guid":{"rendered":"http:\/\/www.assega.com\/es\/?page_id=3115"},"modified":"2017-10-12T11:24:06","modified_gmt":"2017-10-12T11:24:06","slug":"vehiculos","status":"publish","type":"page","link":"https:\/\/www.assega.com\/es\/seguros\/vehiculos\/","title":{"rendered":"Veh\u00edculos"},"content":{"rendered":"<div class=\"wpb-content-wrapper\"><p>[vc_row css=\u00bb.vc_custom_1480525307616{padding-top: 0px !important;}\u00bb][vc_column][vc_column_text]<\/p>\n<h3><span style=\"color: #ec644b;\">Coche<\/span><\/h3>\n<p>[\/vc_column_text][vc_separator][\/vc_column][vc_column width=\u00bb1\/3&#8243;][vc_column_text]<\/p>\n<h3>Terceros B\u00e1sico<\/h3>\n<ul>\n<li><span style=\"color: #888888;\">Defensa y reclamaci\u00f3n Jur\u00eddica<\/span><\/li>\n<li><span style=\"color: #888888;\">Responsabilidad civil ilimitada<\/span><\/li>\n<li><span style=\"color: #888888;\">Seguro Ocupantes + Conductor<\/span><\/li>\n<li><span style=\"color: #888888;\">Asistencia en viaje KM.0 Toda Europa<\/span><\/li>\n<li><span style=\"color: #888888;\">Seguro de Lunas<\/span><\/li>\n<li><span style=\"color: #888888;\">Veh\u00edculo de sustituci\u00f3n<\/span><\/li>\n<\/ul>\n<p>[\/vc_column_text][\/vc_column][vc_column width=\u00bb1\/3&#8243;][vc_column_text]<\/p>\n<h3>Terceros\u00a0completo<\/h3>\n<ul>\n<li><span style=\"color: #888888;\">Defensa y reclamaci\u00f3n Jur\u00eddica<\/span><\/li>\n<li><span style=\"color: #888888;\">Responsabilidad civil ilimitada<\/span><\/li>\n<li><span style=\"color: #888888;\">Seguro Ocupantes + Conductor<\/span><\/li>\n<li><span style=\"color: #888888;\">Asistencia en viaje KM.0 Toda Europa<\/span><\/li>\n<li><span style=\"color: #888888;\">Seguro de Lunas<\/span><\/li>\n<li><span style=\"color: #888888;\">Incendio<\/span><\/li>\n<li><span style=\"color: #888888;\">Robo<\/span><\/li>\n<li><span style=\"color: #888888;\">Veh\u00edculo de sustituci\u00f3n<\/span><\/li>\n<\/ul>\n<p>[\/vc_column_text][\/vc_column][vc_column width=\u00bb1\/3&#8243;][vc_column_text]<\/p>\n<h3>Todo riesgo<\/h3>\n<ul>\n<li><span style=\"color: #888888;\">Defensa y reclamaci\u00f3n Jur\u00eddica<\/span><\/li>\n<li><span style=\"color: #888888;\">Responsabilidad civil ilimitada<\/span><\/li>\n<li><span style=\"color: #888888;\">Seguro de Ocupantes + Conductor<\/span><\/li>\n<li><span style=\"color: #888888;\">Asistencia en viaje KM.0 Toda Europa<\/span><\/li>\n<li><span style=\"color: #888888;\">Seguro de Lunas<\/span><\/li>\n<li><span style=\"color: #888888;\">Incendio<\/span><\/li>\n<li><span style=\"color: #888888;\">Robo<\/span><\/li>\n<li><span style=\"color: #888888;\">Veh\u00edculo de sustituci\u00f3n<\/span><\/li>\n<li><span style=\"color: #888888;\">Da\u00f1os propios<\/span><\/li>\n<li><span style=\"color: #888888;\">Valor de factura veh\u00edculo los 2 primeros a\u00f1os en caso de p\u00e9rdida total.<\/span><\/li>\n<\/ul>\n<p>[\/vc_column_text][\/vc_column][vc_column css=\u00bb.vc_custom_1480525336604{padding-bottom: 0px !important;}\u00bb][vc_column_text]<\/p>\n<h3><span style=\"color: #ec644b;\">Moto<\/span><\/h3>\n<p>[\/vc_column_text][vc_separator][vc_column_text css=\u00bb.vc_custom_1480525365351{padding-bottom: 0px !important;}\u00bb]<\/p>\n<ul>\n<li><span style=\"color: #888888;\">Defensa y reclamaci\u00f3n Jur\u00eddica<\/span><\/li>\n<li><span style=\"color: #888888;\">Responsabilidad civil ilimitada<\/span><\/li>\n<li><span style=\"color: #888888;\">Asistencia en viaje KM.0 Toda Europa<\/span><\/li>\n<li><span style=\"color: #888888;\">Seguro del pasajero<\/span><\/li>\n<\/ul>\n<p>[\/vc_column_text][\/vc_column][\/vc_row][vc_row css=\u00bb.vc_custom_1480525581386{padding-top: 0px !important;}\u00bb][vc_column][vc_btn title=\u00bbPide tu presupuesto\u00bb style=\u00bbcustom\u00bb custom_background=\u00bb#ec644b\u00bb custom_text=\u00bb#ffffff\u00bb size=\u00bblg\u00bb align=\u00bbcenter\u00bb link=\u00bburl:http%3A%2F%2Fwww.assega.com%2Fes%2Fpresupuesto-vehiculos%2F|||\u00bb button_block=\u00bbtrue\u00bb][\/vc_column][\/vc_row]<\/p>\n<\/div>","protected":false},"excerpt":{"rendered":"<p>[vc_row css=\u00bb.vc_custom_1480525307616{padding-top: 0px !important;}\u00bb][vc_column][vc_column_text] Coche [\/vc_column_text][vc_separator][\/vc_column][vc_column width=\u00bb1\/3&#8243;][vc_column_text] Terceros B\u00e1sico Defensa y reclamaci\u00f3n Jur\u00eddica Responsabilidad civil ilimitada Seguro Ocupantes + Conductor Asistencia en viaje KM.0 Toda Europa Seguro de Lunas Veh\u00edculo de sustituci\u00f3n [\/vc_column_text][\/vc_column][vc_column width=\u00bb1\/3&#8243;][vc_column_text] Terceros\u00a0completo Defensa y reclamaci\u00f3n Jur\u00eddica Responsabilidad civil ilimitada Seguro Ocupantes + Conductor Asistencia en viaje KM.0 Toda Europa Seguro de Lunas Incendio Robo Veh\u00edculo de sustituci\u00f3n [\/vc_column_text][\/vc_column][vc_column width=\u00bb1\/3&#8243;][vc_column_text] Todo riesgo Defensa y reclamaci\u00f3n Jur\u00eddica Responsabilidad civil ilimitada Seguro de Ocupantes + Conductor Asistencia en viaje KM.0 Toda Europa Seguro de Lunas<\/p>\n","protected":false},"author":5,"featured_media":2651,"parent":3134,"menu_order":1,"comment_status":"closed","ping_status":"closed","template":"","meta":{"footnotes":""},"class_list":["post-3115","page","type-page","status-publish","has-post-thumbnail","hentry"],"_links":{"self":[{"href":"https:\/\/www.assega.com\/es\/wp-json\/wp\/v2\/pages\/3115","targetHints":{"allow":["GET"]}}],"collection":[{"href":"https:\/\/www.assega.com\/es\/wp-json\/wp\/v2\/pages"}],"about":[{"href":"https:\/\/www.assega.com\/es\/wp-json\/wp\/v2\/types\/page"}],"author":[{"embeddable":true,"href":"https:\/\/www.assega.com\/es\/wp-json\/wp\/v2\/users\/5"}],"replies":[{"embeddable":true,"href":"https:\/\/www.assega.com\/es\/wp-json\/wp\/v2\/comments?post=3115"}],"version-history":[{"count":12,"href":"https:\/\/www.assega.com\/es\/wp-json\/wp\/v2\/pages\/3115\/revisions"}],"predecessor-version":[{"id":3960,"href":"https:\/\/www.assega.com\/es\/wp-json\/wp\/v2\/pages\/3115\/revisions\/3960"}],"up":[{"embeddable":true,"href":"https:\/\/www.assega.com\/es\/wp-json\/wp\/v2\/pages\/3134"}],"wp:featuredmedia":[{"embeddable":true,"href":"https:\/\/www.assega.com\/es\/wp-json\/wp\/v2\/media\/2651"}],"wp:attachment":[{"href":"https:\/\/www.assega.com\/es\/wp-json\/wp\/v2\/media?parent=3115"}],"curies":[{"name":"wp","href":"https:\/\/api.w.org\/{rel}","templated":true}]}}