{"id":3156,"date":"2016-10-19T07:57:55","date_gmt":"2016-10-19T07:57:55","guid":{"rendered":"http:\/\/www.assega.com\/es\/?page_id=3156"},"modified":"2016-10-19T11:19:31","modified_gmt":"2016-10-19T11:19:31","slug":"presupuesto-vivienda-y-comunidades","status":"publish","type":"page","link":"https:\/\/www.assega.com\/es\/presupuesto-vivienda-y-comunidades\/","title":{"rendered":"Presupuesto Vivienda y Comunidades"},"content":{"rendered":"<div class=\"wpb-content-wrapper\"><p>[vc_row][vc_column][vc_column_text]<\/p>\n<h3><strong>Pide tu presupuesto<\/strong><\/h3>\n<h3><span style=\"color: #ec644b;\">Vivienda\u00a0y Comunidades<\/span><\/h3>\n<p>[\/vc_column_text][vc_separator]\n<div class=\"wpcf7 no-js\" id=\"wpcf7-f3195-o1\" lang=\"en-US\" dir=\"ltr\" data-wpcf7-id=\"3195\">\n<div class=\"screen-reader-response\"><p role=\"status\" aria-live=\"polite\" aria-atomic=\"true\"><\/p> <ul><\/ul><\/div>\n<form action=\"\/es\/wp-json\/wp\/v2\/pages\/3156#wpcf7-f3195-o1\" method=\"post\" class=\"wpcf7-form init\" aria-label=\"Contact form\" novalidate=\"novalidate\" data-status=\"init\">\n<fieldset class=\"hidden-fields-container\"><input type=\"hidden\" name=\"_wpcf7\" value=\"3195\" \/><input type=\"hidden\" name=\"_wpcf7_version\" value=\"6.1\" \/><input type=\"hidden\" name=\"_wpcf7_locale\" value=\"en_US\" \/><input type=\"hidden\" name=\"_wpcf7_unit_tag\" value=\"wpcf7-f3195-o1\" \/><input type=\"hidden\" name=\"_wpcf7_container_post\" value=\"0\" \/><input type=\"hidden\" name=\"_wpcf7_posted_data_hash\" value=\"\" \/>\n<\/fieldset>\n<div class=\"col-md-4\">\n\t<h4>DATOS\n\t<\/h4>\n\t<p>Nombre*<br \/>\n<span class=\"wpcf7-form-control-wrap\" data-name=\"nom\"><input size=\"40\" maxlength=\"400\" class=\"wpcf7-form-control wpcf7-text wpcf7-validates-as-required\" aria-required=\"true\" aria-invalid=\"false\" value=\"\" type=\"text\" name=\"nom\" \/><\/span>\n\t<\/p>\n\t<p>Tel\u00e9fono*<br \/>\n<span class=\"wpcf7-form-control-wrap\" data-name=\"telefon\"><input size=\"40\" maxlength=\"400\" class=\"wpcf7-form-control wpcf7-text wpcf7-validates-as-required\" aria-required=\"true\" aria-invalid=\"false\" value=\"\" type=\"text\" name=\"telefon\" \/><\/span>\n\t<\/p>\n\t<p>Correo electr\u00f3nico*<br \/>\n<span class=\"wpcf7-form-control-wrap\" data-name=\"your-email\"><input size=\"40\" maxlength=\"400\" class=\"wpcf7-form-control wpcf7-email wpcf7-validates-as-required wpcf7-text wpcf7-validates-as-email\" aria-required=\"true\" aria-invalid=\"false\" value=\"\" type=\"email\" name=\"your-email\" \/><\/span>\n\t<\/p>\n\t<p>Situaci\u00f3n de riesgo*<br \/>\n<span class=\"wpcf7-form-control-wrap\" data-name=\"situacio-risc\"><input size=\"40\" maxlength=\"400\" class=\"wpcf7-form-control wpcf7-text wpcf7-validates-as-required\" aria-required=\"true\" aria-invalid=\"false\" value=\"\" type=\"text\" name=\"situacio-risc\" \/><\/span>\n\t<\/p>\n\t<p>Tipo de vivienda*<br \/>\n<span class=\"wpcf7-form-control-wrap\" data-name=\"tipus-hab\"><select class=\"wpcf7-form-control wpcf7-select wpcf7-validates-as-required\" aria-required=\"true\" aria-invalid=\"false\" name=\"tipus-hab\"><option value=\"Propia\">Propia<\/option><option value=\"Alquiler\">Alquiler<\/option><\/select><\/span>\n\t<\/p>\n\t<p>Tipo de Residencia*<br \/>\n<span class=\"wpcf7-form-control-wrap\" data-name=\"tipus-res\"><select class=\"wpcf7-form-control wpcf7-select wpcf7-validates-as-required\" aria-required=\"true\" aria-invalid=\"false\" name=\"tipus-res\"><option value=\"Principal\">Principal<\/option><option value=\"Secundaria\">Secundaria<\/option><\/select><\/span>\n\t<\/p>\n\t<p>A\u00f1o de contrucci\u00f3n o rehabilitaci\u00f3n*<br \/>\n<span class=\"wpcf7-form-control-wrap\" data-name=\"any-const\"><input size=\"40\" maxlength=\"400\" class=\"wpcf7-form-control wpcf7-text wpcf7-validates-as-required\" aria-required=\"true\" aria-invalid=\"false\" value=\"\" type=\"text\" name=\"any-const\" \/><\/span>\n\t<\/p>\n<\/div>\n<div class=\"col-md-4\">\n\t<h4>CAPITAL A ASEGURAR\n\t<\/h4>\n\t<p>Valor Contenido*<br \/>\n<span class=\"wpcf7-form-control-wrap\" data-name=\"valor-contingut\"><input size=\"40\" maxlength=\"400\" class=\"wpcf7-form-control wpcf7-text wpcf7-validates-as-required\" aria-required=\"true\" aria-invalid=\"false\" value=\"\" type=\"text\" name=\"valor-contingut\" \/><\/span>\n\t<\/p>\n\t<p>Valor Continente*<br \/>\n<span class=\"wpcf7-form-control-wrap\" data-name=\"valor-continent\"><input size=\"40\" maxlength=\"400\" class=\"wpcf7-form-control wpcf7-text wpcf7-validates-as-required\" aria-required=\"true\" aria-invalid=\"false\" value=\"\" type=\"text\" name=\"valor-continent\" \/><\/span>\n\t<\/p>\n\t<p>Clausula del beneficiario*<br \/>\n<span class=\"wpcf7-form-control-wrap\" data-name=\"clausula-beneficiari\"><input size=\"40\" maxlength=\"400\" class=\"wpcf7-form-control wpcf7-text wpcf7-validates-as-required\" aria-required=\"true\" aria-invalid=\"false\" value=\"\" type=\"text\" name=\"clausula-beneficiari\" \/><\/span>\n\t<\/p>\n\t<p>Capital*<br \/>\n<span class=\"wpcf7-form-control-wrap\" data-name=\"capital\"><input size=\"40\" maxlength=\"400\" class=\"wpcf7-form-control wpcf7-text wpcf7-validates-as-required\" aria-required=\"true\" aria-invalid=\"false\" value=\"\" type=\"text\" name=\"capital\" \/><\/span>\n\t<\/p>\n<\/div>\n<div class=\"col-md-4\">\n\t<h4>DEJANOS TU COMENTARIO\n\t<\/h4>\n\t<p>Comentarios*<br \/>\n<span class=\"wpcf7-form-control-wrap\" data-name=\"comentaris\"><textarea cols=\"40\" rows=\"10\" maxlength=\"2000\" class=\"wpcf7-form-control wpcf7-textarea wpcf7-validates-as-required\" aria-required=\"true\" aria-invalid=\"false\" name=\"comentaris\"><\/textarea><\/span>\n\t<\/p>\n\t<p><input class=\"wpcf7-form-control wpcf7-submit has-spinner\" type=\"submit\" value=\"Enviar\" \/>\n\t<\/p>\n<\/div><div class=\"wpcf7-response-output\" aria-hidden=\"true\"><\/div>\n<\/form>\n<\/div>\n[\/vc_column][\/vc_row]<\/p>\n<\/div>","protected":false},"excerpt":{"rendered":"<p>[vc_row][vc_column][vc_column_text] Pide tu presupuesto Vivienda\u00a0y Comunidades [\/vc_column_text][vc_separator][\/vc_column][\/vc_row]<\/p>\n","protected":false},"author":5,"featured_media":0,"parent":0,"menu_order":0,"comment_status":"closed","ping_status":"closed","template":"","meta":{"footnotes":""},"class_list":["post-3156","page","type-page","status-publish","hentry"],"_links":{"self":[{"href":"https:\/\/www.assega.com\/es\/wp-json\/wp\/v2\/pages\/3156","targetHints":{"allow":["GET"]}}],"collection":[{"href":"https:\/\/www.assega.com\/es\/wp-json\/wp\/v2\/pages"}],"about":[{"href":"https:\/\/www.assega.com\/es\/wp-json\/wp\/v2\/types\/page"}],"author":[{"embeddable":true,"href":"https:\/\/www.assega.com\/es\/wp-json\/wp\/v2\/users\/5"}],"replies":[{"embeddable":true,"href":"https:\/\/www.assega.com\/es\/wp-json\/wp\/v2\/comments?post=3156"}],"version-history":[{"count":4,"href":"https:\/\/www.assega.com\/es\/wp-json\/wp\/v2\/pages\/3156\/revisions"}],"predecessor-version":[{"id":3197,"href":"https:\/\/www.assega.com\/es\/wp-json\/wp\/v2\/pages\/3156\/revisions\/3197"}],"wp:attachment":[{"href":"https:\/\/www.assega.com\/es\/wp-json\/wp\/v2\/media?parent=3156"}],"curies":[{"name":"wp","href":"https:\/\/api.w.org\/{rel}","templated":true}]}}