{"id":3158,"date":"2016-10-19T07:58:49","date_gmt":"2016-10-19T07:58:49","guid":{"rendered":"http:\/\/www.assega.com\/es\/?page_id=3158"},"modified":"2016-12-19T17:24:44","modified_gmt":"2016-12-19T17:24:44","slug":"presupuesto-salud","status":"publish","type":"page","link":"https:\/\/www.assega.com\/es\/presupuesto-salud\/","title":{"rendered":"Presupuesto Salud"},"content":{"rendered":"<div class=\"wpb-content-wrapper\"><p>[vc_row][vc_column][vc_column_text]<\/p>\n<h3><strong>Pide tu presupuesto<\/strong><\/h3>\n<h3><span style=\"color: #ec644b;\">Salud<\/span><\/h3>\n<p>[\/vc_column_text][vc_separator][vc_column_text]Para m\u00e1s informaci\u00f3n env\u00edanos tu correo y nos pondremos en contacto contigo.[\/vc_column_text][vc_btn title=\u00bbContacto\u00bb style=\u00bbcustom\u00bb custom_background=\u00bb#ec644b\u00bb custom_text=\u00bb#ffffff\u00bb size=\u00bblg\u00bb align=\u00bbcenter\u00bb css_animation=\u00bbright-to-left\u00bb link=\u00bburl:http%3A%2F%2Fwww.assega.com%2Fes%2Fcontacto%2F|||\u00bb button_block=\u00bbtrue\u00bb][\/vc_column][\/vc_row][vc_row][vc_column][\/vc_column][\/vc_row]<\/p>\n<\/div>","protected":false},"excerpt":{"rendered":"<p>[vc_row][vc_column][vc_column_text] Pide tu presupuesto Salud [\/vc_column_text][vc_separator][vc_column_text]Para m\u00e1s informaci\u00f3n env\u00edanos tu correo y nos pondremos en contacto contigo.[\/vc_column_text][vc_btn title=\u00bbContacto\u00bb style=\u00bbcustom\u00bb custom_background=\u00bb#ec644b\u00bb custom_text=\u00bb#ffffff\u00bb size=\u00bblg\u00bb align=\u00bbcenter\u00bb css_animation=\u00bbright-to-left\u00bb link=\u00bburl:http%3A%2F%2Fwww.assega.com%2Fes%2Fcontacto%2F|||\u00bb button_block=\u00bbtrue\u00bb][\/vc_column][\/vc_row][vc_row][vc_column][\/vc_column][\/vc_row]<\/p>\n","protected":false},"author":5,"featured_media":0,"parent":0,"menu_order":0,"comment_status":"closed","ping_status":"closed","template":"","meta":{"footnotes":""},"class_list":["post-3158","page","type-page","status-publish","hentry"],"_links":{"self":[{"href":"https:\/\/www.assega.com\/es\/wp-json\/wp\/v2\/pages\/3158","targetHints":{"allow":["GET"]}}],"collection":[{"href":"https:\/\/www.assega.com\/es\/wp-json\/wp\/v2\/pages"}],"about":[{"href":"https:\/\/www.assega.com\/es\/wp-json\/wp\/v2\/types\/page"}],"author":[{"embeddable":true,"href":"https:\/\/www.assega.com\/es\/wp-json\/wp\/v2\/users\/5"}],"replies":[{"embeddable":true,"href":"https:\/\/www.assega.com\/es\/wp-json\/wp\/v2\/comments?post=3158"}],"version-history":[{"count":12,"href":"https:\/\/www.assega.com\/es\/wp-json\/wp\/v2\/pages\/3158\/revisions"}],"predecessor-version":[{"id":3824,"href":"https:\/\/www.assega.com\/es\/wp-json\/wp\/v2\/pages\/3158\/revisions\/3824"}],"wp:attachment":[{"href":"https:\/\/www.assega.com\/es\/wp-json\/wp\/v2\/media?parent=3158"}],"curies":[{"name":"wp","href":"https:\/\/api.w.org\/{rel}","templated":true}]}}